{"id":109,"date":"2019-09-23T19:55:34","date_gmt":"2019-09-23T19:55:34","guid":{"rendered":"https:\/\/schettini.eng.br\/web\/?page_id=109"},"modified":"2020-03-02T15:43:41","modified_gmt":"2020-03-02T19:43:41","slug":"servicos-de-engenharia-e-consultoria","status":"publish","type":"page","link":"https:\/\/schettini.eng.br\/web\/servicos-de-engenharia-e-consultoria\/","title":{"rendered":"Servi\u00e7os de Engenharia e Consultoria"},"content":{"rendered":"<p>[et_pb_section fb_built=&#8221;1&#8243; fullwidth=&#8221;on&#8221; admin_label=&#8221;Se\u00e7\u00e3o T\u00edtulo da P\u00e1gina&#8221; _builder_version=&#8221;4.2.2&#8243; hover_enabled=&#8221;0&#8243; collapsed=&#8221;on&#8221; background_color=&#8221;#ab1a1e&#8221;][et_pb_fullwidth_header title=&#8221;Servi\u00e7os de Engenharia e Consultoria&#8221; admin_label=&#8221;T\u00edtulo SERVI\u00c7OS&#8221; _builder_version=&#8221;4.2.2&#8243; background_image=&#8221;https:\/\/schettini.eng.br\/web\/wp-content\/uploads\/2020\/02\/pixel-bg2.jpg&#8221; hover_enabled=&#8221;0&#8243; background_size=&#8221;initial&#8221; background_repeat=&#8221;repeat&#8221; max_height=&#8221;110px&#8221; custom_margin=&#8221;-40px||||false|false&#8221;][\/et_pb_fullwidth_header][\/et_pb_section][et_pb_section fb_built=&#8221;1&#8243; admin_label=&#8221;SE\u00c7\u00c3O T\u00cdTULO ENGENHARIA DE PROJETO&#8221; _builder_version=&#8221;3.25.4&#8243; collapsed=&#8221;on&#8221;][et_pb_row admin_label=&#8221;Linha T\u00edtulo Engenharia de Projeto&#8221; _builder_version=&#8221;3.25.4&#8243; background_color=&#8221;#ab1a1e&#8221; custom_margin=&#8221;|||&#8221; custom_padding=&#8221;10px|10px|10px|10px&#8221; border_radii=&#8221;on|5px|5px|5px|5px&#8221;][et_pb_column type=&#8221;4_4&#8243; _builder_version=&#8221;3.25.4&#8243;][et_pb_text admin_label=&#8221;Texto Titulo Engenharia de Projeto&#8221; _builder_version=&#8221;3.27.4&#8243; header_font=&#8221;||||||||&#8221; custom_margin=&#8221;||&#8221; custom_padding=&#8221;10px|10px|10px|10px&#8221; border_radii=&#8221;on|5px|5px|5px|5px&#8221;]<\/p>\n<h1 style=\"text-align: center;\"><span style=\"color: #ffffff;\"><strong>ENGENHARIA DE PROJETO<\/strong><\/span><\/h1>\n<p>[\/et_pb_text][\/et_pb_column][\/et_pb_row][\/et_pb_section][et_pb_section fb_built=&#8221;1&#8243; admin_label=&#8221;SUB-SE\u00c7\u00c3O ENGENHARIA DE PROJETO&#8221; _builder_version=&#8221;3.25.4&#8243; custom_margin=&#8221;-50px|||||&#8221; custom_padding=&#8221;3px||0px|||&#8221; collapsed=&#8221;on&#8221;][et_pb_row column_structure=&#8221;1_4,3_4&#8243; admin_label=&#8221;Linha Topo INFRAESTRUTURA URBANA&#8221; _builder_version=&#8221;3.25.4&#8243; background_color=&#8221;#f2f2f2&#8243; custom_margin=&#8221;|||&#8221; custom_padding=&#8221;10px|10px|10px|10px&#8221; border_radii=&#8221;on|5px|5px|5px|5px&#8221;][et_pb_column type=&#8221;1_4&#8243; _builder_version=&#8221;3.25.4&#8243;][et_pb_text admin_label=&#8221;Texto Infraestrutura&#8221; _builder_version=&#8221;3.27.4&#8243; header_font=&#8221;||||||||&#8221; custom_margin=&#8221;||&#8221; custom_padding=&#8221;10px|10px|10px|10px&#8221; border_radii=&#8221;on|5px|5px|5px|5px&#8221;]<\/p>\n<h1><strong>INFRAESTRUTURA URBANA<\/strong><\/h1>\n<p>\u2022 Infraestrutura de Loteamento Urbano<br \/> \u2022 Urbaniza\u00e7\u00e3o de Fundo de Vale<br \/> \u2022 Macrodrenagem Urbana<br \/> \u2022 Conten\u00e7\u00e3o de Enchentes Urbanas<\/p>\n<p>&nbsp;<\/p>\n<p>[\/et_pb_text][\/et_pb_column][et_pb_column type=&#8221;3_4&#8243; _builder_version=&#8221;3.25.4&#8243;][et_pb_image src=&#8221;https:\/\/schettini.eng.br\/web\/wp-content\/uploads\/2019\/09\/servicos-infraestrutura-urbana.jpg&#8221; admin_label=&#8221;Imagem Infraestrutura&#8221; _builder_version=&#8221;3.25.4&#8243; border_radii=&#8221;on|5px|5px|5px|5px&#8221;][\/et_pb_image][\/et_pb_column][\/et_pb_row][et_pb_row column_structure=&#8221;1_2,1_2&#8243; admin_label=&#8221;Linha 1&#8243; _builder_version=&#8221;3.25.4&#8243;][et_pb_column type=&#8221;1_2&#8243; _builder_version=&#8221;3.25.4&#8243;][et_pb_image src=&#8221;https:\/\/schettini.eng.br\/web\/wp-content\/uploads\/2019\/09\/servicos-infraestrutura-urbana-loteamento.jpg&#8221; admin_label=&#8221;Imagem Loteamento&#8221; _builder_version=&#8221;3.25.4&#8243; border_radii=&#8221;on|5px|5px|5px|5px&#8221;][\/et_pb_image][et_pb_text admin_label=&#8221;Texto Loteamento&#8221; _builder_version=&#8221;3.27.4&#8243;]<\/p>\n<h3><strong>Infraestrutura e Loteamento Urbano<\/strong><\/h3>\n<p><span style=\"font-size: 14px;\">Pavimenta\u00e7\u00e3o, drenagem e terraplenagem nos Residenciais Damha I, II, III e IV e Villas Damha em Campo Grande\/MS; Solu\u00e7\u00f5es integradas com o planejameto da terraplenagem para obter custo operacional reduzido no sistema de drenagem e de esgotamento sanit\u00e1rio.<\/span><\/p>\n<p>[\/et_pb_text][\/et_pb_column][et_pb_column type=&#8221;1_2&#8243; _builder_version=&#8221;3.25.4&#8243;][et_pb_image src=&#8221;https:\/\/schettini.eng.br\/web\/wp-content\/uploads\/2019\/09\/servicos-infraestrutura-urbana-macrodrenagem.jpg&#8221; admin_label=&#8221;Imagem Macrodrenagem&#8221; _builder_version=&#8221;3.25.4&#8243; border_radii=&#8221;on|5px|5px|5px|5px&#8221;][\/et_pb_image][et_pb_text admin_label=&#8221;Texto Macrodrenagem&#8221; _builder_version=&#8221;3.27.4&#8243;]<\/p>\n<h3><strong>Macrodrenagem Urbana<\/strong><\/h3>\n<p>Canaliza\u00e7\u00e3o do C\u00f3rrego Prosa e reordenamento vi\u00e1rio da Avenida Ricardo Brand\u00e3o em Campo Grande\/MS; Sistema projetado para o controle de enchentes integrado ao planejamento estrat\u00e9gico de Uso e Ocupa\u00e7\u00e3o do Solo.<\/p>\n<p>[\/et_pb_text][\/et_pb_column][\/et_pb_row][et_pb_row column_structure=&#8221;1_2,1_2&#8243; admin_label=&#8221;Linha 2&#8243; _builder_version=&#8221;3.25.4&#8243;][et_pb_column type=&#8221;1_2&#8243; _builder_version=&#8221;3.25.4&#8243;][et_pb_image src=&#8221;https:\/\/schettini.eng.br\/web\/wp-content\/uploads\/2019\/09\/servicos-infraestrutura-urbana-fundo-de-vale.jpg&#8221; admin_label=&#8221;Imagem Fundo de Vale&#8221; _builder_version=&#8221;3.25.4&#8243; border_radii=&#8221;on|5px|5px|5px|5px&#8221;][\/et_pb_image][et_pb_text admin_label=&#8221;Texto Fundo de Vale&#8221; _builder_version=&#8221;3.27.4&#8243;]<\/p>\n<h3><strong>Urbaniza\u00e7\u00e3o de Fundo de Vale<\/strong><\/h3>\n<p>Implanta\u00e7\u00e3o de Parque Linear (\u00e1rea destinada a preserva\u00e7\u00e3o da mata ciliar, controle de e nchentes e recrea\u00e7\u00e3o da popula\u00e7\u00e3o) no c\u00f3rrego Imbirussu em Campo Grande\/MS.<\/p>\n<p>[\/et_pb_text][\/et_pb_column][et_pb_column type=&#8221;1_2&#8243; _builder_version=&#8221;3.25.4&#8243;][et_pb_image src=&#8221;https:\/\/schettini.eng.br\/web\/wp-content\/uploads\/2019\/09\/servicos-infraestrutura-urbana-contencao.jpg&#8221; admin_label=&#8221;Imagem Conten\u00e7\u00e3o&#8221; _builder_version=&#8221;3.25.4&#8243; border_radii=&#8221;on|5px|5px|5px|5px&#8221;][\/et_pb_image][et_pb_text admin_label=&#8221;Texto Conten\u00e7\u00e3o&#8221; _builder_version=&#8221;3.27.4&#8243;]<\/p>\n<h3><strong>Conten\u00e7\u00e3o de Enchentes Urbanas<\/strong><\/h3>\n<p>Barragem Dual Time no C\u00f3rrego S\u00f3ter em Campo Grande\/MS; Sistema projetado para controle de vaz\u00e3o do c\u00f3rrego com a finalidade de conter enchentes, preservar as \u00e1reas de inunda\u00e7\u00f5es e a mata ciliar caracter\u00edstica do local.<\/p>\n<p>[\/et_pb_text][\/et_pb_column][\/et_pb_row][et_pb_row _builder_version=&#8221;3.25.4&#8243;][et_pb_column type=&#8221;4_4&#8243; _builder_version=&#8221;3.25.4&#8243;][et_pb_divider divider_weight=&#8221;3px&#8221; _builder_version=&#8221;3.25.4&#8243;][\/et_pb_divider][\/et_pb_column][\/et_pb_row][\/et_pb_section][et_pb_section fb_built=&#8221;1&#8243; admin_label=&#8221;SUB-SE\u00c7\u00c3O TRANSPORTE&#8221; _builder_version=&#8221;3.25.4&#8243; custom_margin=&#8221;|||||&#8221; custom_padding=&#8221;0px|||||&#8221; collapsed=&#8221;on&#8221;][et_pb_row column_structure=&#8221;1_4,3_4&#8243; admin_label=&#8221;Linha Topo TRANSPORTE&#8221; _builder_version=&#8221;3.25.4&#8243; background_color=&#8221;#f2f2f2&#8243; custom_margin=&#8221;|||&#8221; custom_padding=&#8221;10px|10px|10px|10px&#8221; border_radii=&#8221;on|5px|5px|5px|5px&#8221;][et_pb_column type=&#8221;1_4&#8243; _builder_version=&#8221;3.25.4&#8243;][et_pb_text admin_label=&#8221;Texto Transporte&#8221; _builder_version=&#8221;3.27.4&#8243; header_font=&#8221;||||||||&#8221; custom_margin=&#8221;||&#8221; custom_padding=&#8221;10px|10px|10px|10px&#8221; border_radii=&#8221;on|5px|5px|5px|5px&#8221;]<\/p>\n<h1><b>TRANSPORTE<\/b><\/h1>\n<p><span style=\"font-size: 14px; color: #666666;\">\u2022 Reordenamento Vi\u00e1rio<br \/> <\/span>\u2022 Mobilidade Urbana<\/p>\n<p>&nbsp;<\/p>\n<p>[\/et_pb_text][\/et_pb_column][et_pb_column type=&#8221;3_4&#8243; _builder_version=&#8221;3.25.4&#8243;][et_pb_image src=&#8221;https:\/\/schettini.eng.br\/web\/wp-content\/uploads\/2019\/09\/servicos-transporte.jpg&#8221; admin_label=&#8221;Imagem Transporte&#8221; _builder_version=&#8221;3.25.4&#8243; border_radii=&#8221;on|5px|5px|5px|5px&#8221;][\/et_pb_image][\/et_pb_column][\/et_pb_row][et_pb_row column_structure=&#8221;1_2,1_2&#8243; admin_label=&#8221;Linha 1&#8243; _builder_version=&#8221;3.25.4&#8243;][et_pb_column type=&#8221;1_2&#8243; _builder_version=&#8221;3.25.4&#8243;][et_pb_image src=&#8221;https:\/\/schettini.eng.br\/web\/wp-content\/uploads\/2019\/09\/servicos-transporte-reordenamento-viario.jpg&#8221; admin_label=&#8221;Imagem Reordenamento&#8221; _builder_version=&#8221;3.25.4&#8243; border_radii=&#8221;on|5px|5px|5px|5px&#8221;][\/et_pb_image][et_pb_text admin_label=&#8221;Texto Reordenamento&#8221; _builder_version=&#8221;3.27.4&#8243;]<\/p>\n<h3><strong>Reordenamento Vi\u00e1rio<\/strong><\/h3>\n<p>Duplica\u00e7\u00e3o da Avenida Duque de Caxias (via de acesso ao Aeroporto Internacional de Campo Grande\/MS); Sistema vi\u00e1rio integrado com ciclovia e faixa reservada para implanta\u00e7\u00e3o de VLT.<\/p>\n<p>[\/et_pb_text][\/et_pb_column][et_pb_column type=&#8221;1_2&#8243; _builder_version=&#8221;3.25.4&#8243;][et_pb_image src=&#8221;https:\/\/schettini.eng.br\/web\/wp-content\/uploads\/2019\/09\/servicos-transporte-mobilidade.jpg&#8221; admin_label=&#8221;Imagem Mobilidade&#8221; _builder_version=&#8221;3.25.4&#8243; border_radii=&#8221;on|5px|5px|5px|5px&#8221;][\/et_pb_image][et_pb_text admin_label=&#8221;Texto Mobilidade&#8221; _builder_version=&#8221;3.27.4&#8243;]<\/p>\n<h3><strong>Mobilidade Urbana<\/strong><\/h3>\n<p>Implanta\u00e7\u00e3o de Vias Marginais ao c\u00f3rrego Imbirussu, atendendo as regi\u00f5es com maior adensamento populacional, realizando interven\u00e7\u00f5es em bairros sem pavimenta\u00e7\u00e3o e beneficiando o deslocamento em \u00e1reas de popula\u00e7\u00e3o de baixa renda em Campo Grande\/MS.<\/p>\n<p>[\/et_pb_text][\/et_pb_column][\/et_pb_row][et_pb_row _builder_version=&#8221;3.25.4&#8243;][et_pb_column type=&#8221;4_4&#8243; _builder_version=&#8221;3.25.4&#8243;][et_pb_divider divider_weight=&#8221;3px&#8221; _builder_version=&#8221;3.25.4&#8243;][\/et_pb_divider][\/et_pb_column][\/et_pb_row][\/et_pb_section][et_pb_section fb_built=&#8221;1&#8243; admin_label=&#8221;SUB-SE\u00c7\u00c3O AMBIENTAL E SANIT\u00c1RIA&#8221; _builder_version=&#8221;3.25.4&#8243; min_height=&#8221;1348px&#8221; custom_margin=&#8221;-50px|||||&#8221; custom_padding=&#8221;||0px|||&#8221; collapsed=&#8221;on&#8221;][et_pb_row column_structure=&#8221;1_4,3_4&#8243; admin_label=&#8221;Linha Topo INFRAESTRUTURA URBANA&#8221; _builder_version=&#8221;3.25.4&#8243; background_color=&#8221;#f2f2f2&#8243; custom_margin=&#8221;|||&#8221; custom_padding=&#8221;10px|10px|10px|10px&#8221; border_radii=&#8221;on|5px|5px|5px|5px&#8221; collapsed=&#8221;on&#8221;][et_pb_column type=&#8221;1_4&#8243; _builder_version=&#8221;3.25.4&#8243;][et_pb_text admin_label=&#8221;Texto Infraestrutura&#8221; _builder_version=&#8221;3.27.4&#8243; header_font=&#8221;||||||||&#8221; custom_margin=&#8221;||&#8221; custom_padding=&#8221;10px|10px|10px|10px&#8221; border_radii=&#8221;on|5px|5px|5px|5px&#8221;]<\/p>\n<h1><strong>AMBIENTAL E SANIT\u00c1RIA<\/strong><\/h1>\n<p>\u2022 Recupera\u00e7\u00e3o de \u00c1rea Degradada<br \/><span style=\"font-size: 14px;\">\u2022 Capta\u00e7\u00e3o de \u00c1guas Difusas<br \/>\u2022 Saneamento Ambiental<br \/>\u2022 Prote\u00e7\u00e3o e Conten\u00e7\u00e3o de Margens\u00a0<\/span><\/p>\n<p>[\/et_pb_text][\/et_pb_column][et_pb_column type=&#8221;3_4&#8243; _builder_version=&#8221;3.25.4&#8243;][et_pb_image src=&#8221;https:\/\/schettini.eng.br\/web\/wp-content\/uploads\/2019\/09\/eng-ambiental-sanit.jpg&#8221; admin_label=&#8221;Imagem Infraestrutura&#8221; _builder_version=&#8221;3.25.4&#8243; border_radii=&#8221;on|5px|5px|5px|5px&#8221;][\/et_pb_image][\/et_pb_column][\/et_pb_row][et_pb_row column_structure=&#8221;1_2,1_2&#8243; admin_label=&#8221;Linha 1&#8243; _builder_version=&#8221;3.25.4&#8243; collapsed=&#8221;on&#8221;][et_pb_column type=&#8221;1_2&#8243; _builder_version=&#8221;3.25.4&#8243;][et_pb_image src=&#8221;https:\/\/schettini.eng.br\/web\/wp-content\/uploads\/2019\/09\/eng-ambiental-sanit-area-degradada.jpg&#8221; admin_label=&#8221;Imagem Loteamento&#8221; _builder_version=&#8221;3.25.4&#8243; border_radii=&#8221;on|5px|5px|5px|5px&#8221;][\/et_pb_image][et_pb_text admin_label=&#8221;Texto Loteamento&#8221; _builder_version=&#8221;3.27.4&#8243;]<\/p>\n<h3><strong>Recupera\u00e7\u00e3o de \u00c1rea Degradada<\/strong><\/h3>\n<p>Recupera\u00e7\u00e3o da nascente do C\u00f3rrego Segredo em Campo Grande\/MS O sistema tem como foco a recupera\u00e7\u00e3o e a preven\u00e7\u00e3o contra eros\u00e3o h\u00eddrica, atrav\u00e9s de barragens em terra e em madeira (cofragem), galerias de \u00e1guas pluviais, revegeta\u00e7\u00e3o e terraplenagem, buscando reintegr\u00e1-la a diversidade biol\u00f3gica.<\/p>\n<p>[\/et_pb_text][\/et_pb_column][et_pb_column type=&#8221;1_2&#8243; _builder_version=&#8221;3.25.4&#8243;][et_pb_image src=&#8221;https:\/\/schettini.eng.br\/web\/wp-content\/uploads\/2019\/09\/eng-ambiental-sanit-aguas-difusas.jpg&#8221; admin_label=&#8221;Imagem Macrodrenagem&#8221; _builder_version=&#8221;3.25.4&#8243; border_radii=&#8221;on|5px|5px|5px|5px&#8221;][\/et_pb_image][et_pb_text admin_label=&#8221;Texto Macrodrenagem&#8221; _builder_version=&#8221;3.27.4&#8243;]<\/p>\n<h3><strong>Capta\u00e7\u00e3o de \u00c1guas Difusas<\/strong><\/h3>\n<p>Recupera\u00e7\u00e3o da nascente do c\u00f3rrego Botas e de seu leito, com foco no controle de \u00e1guas difusas, com emprego de bacia de amortecimento e equaliza\u00e7\u00e3o do manancial e barragens de controle de velocidade do fluxo h\u00eddrico e de recomposi\u00e7\u00e3o do \u00e1lveo.<\/p>\n<p>[\/et_pb_text][\/et_pb_column][\/et_pb_row][et_pb_row column_structure=&#8221;1_2,1_2&#8243; admin_label=&#8221;Linha 2&#8243; _builder_version=&#8221;3.25.4&#8243; collapsed=&#8221;on&#8221;][et_pb_column type=&#8221;1_2&#8243; _builder_version=&#8221;3.25.4&#8243;][et_pb_image src=&#8221;https:\/\/schettini.eng.br\/web\/wp-content\/uploads\/2019\/09\/eng-ambiental-sanit-sane-ambiental.jpg&#8221; admin_label=&#8221;Imagem Fundo de Vale&#8221; _builder_version=&#8221;3.25.4&#8243; border_radii=&#8221;on|5px|5px|5px|5px&#8221;][\/et_pb_image][et_pb_text admin_label=&#8221;Texto Fundo de Vale&#8221; _builder_version=&#8221;3.27.4&#8243;]<\/p>\n<h3><strong>Saneamento Ambiental<\/strong><\/h3>\n<p>Esta\u00e7\u00e3o de Tratamento de Esgoto (ETE) e Aterro Sanit\u00e1rio no bairro Los Angeles em Campo Grande\/MS.<\/p>\n<p>[\/et_pb_text][\/et_pb_column][et_pb_column type=&#8221;1_2&#8243; _builder_version=&#8221;3.25.4&#8243;][et_pb_image src=&#8221;https:\/\/schettini.eng.br\/web\/wp-content\/uploads\/2019\/09\/eng-ambiental-sanit-contencao.jpg&#8221; admin_label=&#8221;Imagem Conten\u00e7\u00e3o&#8221; _builder_version=&#8221;3.25.4&#8243; border_radii=&#8221;on|5px|5px|5px|5px&#8221;][\/et_pb_image][et_pb_text admin_label=&#8221;Texto Conten\u00e7\u00e3o&#8221; _builder_version=&#8221;3.27.4&#8243;]<\/p>\n<h3><strong>Prote\u00e7\u00e3o e Conten\u00e7\u00e3o de Margens<\/strong><\/h3>\n<p>Conten\u00e7\u00e3o das margens do Rio Cuiab\u00e1 (\u00e1rea do Hotel Sesc Pantanal) em Pocon\u00e9\/MT; Sistema de Cortina em Estaca Prancha Met\u00e1lica. Solu\u00e7\u00e3o que reduz o custo, dura\u00e7\u00e3o e impacto ambiental no empreendimento.<\/p>\n<p>[\/et_pb_text][\/et_pb_column][\/et_pb_row][et_pb_row _builder_version=&#8221;3.25.4&#8243;][et_pb_column type=&#8221;4_4&#8243; _builder_version=&#8221;3.25.4&#8243;][et_pb_divider divider_weight=&#8221;3px&#8221; _builder_version=&#8221;3.25.4&#8243;][\/et_pb_divider][\/et_pb_column][\/et_pb_row][\/et_pb_section][et_pb_section fb_built=&#8221;1&#8243; admin_label=&#8221;SE\u00c7\u00c3O T\u00cdTULO ENGENHARIA DE PROJETO&#8221; _builder_version=&#8221;3.25.4&#8243; custom_padding=&#8221;0px|||||&#8221; collapsed=&#8221;on&#8221;][et_pb_row admin_label=&#8221;Linha T\u00edtulo Engenharia de Projeto&#8221; _builder_version=&#8221;3.25.4&#8243; background_color=&#8221;#ab1a1e&#8221; custom_margin=&#8221;|||&#8221; custom_padding=&#8221;10px|10px|10px|10px&#8221; border_radii=&#8221;on|5px|5px|5px|5px&#8221; collapsed=&#8221;on&#8221;][et_pb_column type=&#8221;4_4&#8243; _builder_version=&#8221;3.25.4&#8243;][et_pb_text admin_label=&#8221;Texto Titulo Engenharia de Projeto&#8221; _builder_version=&#8221;3.27.4&#8243; header_font=&#8221;||||||||&#8221; custom_margin=&#8221;||&#8221; custom_padding=&#8221;10px|10px|10px|10px&#8221; border_radii=&#8221;on|5px|5px|5px|5px&#8221;]<\/p>\n<h1 style=\"text-align: center;\"><span style=\"color: #ffffff;\"><strong>CONSULTORIA<\/strong><\/span><\/h1>\n<p>[\/et_pb_text][\/et_pb_column][\/et_pb_row][\/et_pb_section][et_pb_section fb_built=&#8221;1&#8243; admin_label=&#8221;SUB-SE\u00c7\u00c3O ENGENHARIA DE PROJETO&#8221; _builder_version=&#8221;3.25.4&#8243; custom_margin=&#8221;-50px|||||&#8221; custom_padding=&#8221;3px||0px|||&#8221; collapsed=&#8221;on&#8221;][et_pb_row column_structure=&#8221;1_4,3_4&#8243; admin_label=&#8221;Linha Topo INFRAESTRUTURA URBANA&#8221; _builder_version=&#8221;3.25.4&#8243; background_color=&#8221;#f2f2f2&#8243; custom_margin=&#8221;|||&#8221; custom_padding=&#8221;10px|10px|10px|10px&#8221; border_radii=&#8221;on|5px|5px|5px|5px&#8221; collapsed=&#8221;on&#8221;][et_pb_column type=&#8221;1_4&#8243; _builder_version=&#8221;3.25.4&#8243;][et_pb_text admin_label=&#8221;Texto Infraestrutura&#8221; _builder_version=&#8221;3.27.4&#8243; header_font=&#8221;||||||||&#8221; custom_margin=&#8221;||&#8221; custom_padding=&#8221;10px|10px|10px|10px&#8221; border_radii=&#8221;on|5px|5px|5px|5px&#8221;]<\/p>\n<h1><strong>CONSULTORIA DE PROJETOS<\/strong><\/h1>\n<p>\u2022 Plano de Trabalho para Capta\u00e7\u00e3o de Recursos Financeiros<br \/>\u2022 Or\u00e7amento de Obras<br \/>\u2022 Plano Diretor de Drenagem<br \/>\u2022 Supervis\u00e3o e Fiscaliza\u00e7\u00e3o de Obras<\/p>\n<p>[\/et_pb_text][\/et_pb_column][et_pb_column type=&#8221;3_4&#8243; _builder_version=&#8221;3.25.4&#8243;][et_pb_image src=&#8221;https:\/\/schettini.eng.br\/web\/wp-content\/uploads\/2019\/09\/consultoria.jpg&#8221; admin_label=&#8221;Imagem Infraestrutura&#8221; _builder_version=&#8221;3.25.4&#8243; border_radii=&#8221;on|5px|5px|5px|5px&#8221;][\/et_pb_image][\/et_pb_column][\/et_pb_row][et_pb_row column_structure=&#8221;1_2,1_2&#8243; admin_label=&#8221;Linha 1&#8243; _builder_version=&#8221;3.25.4&#8243; collapsed=&#8221;on&#8221;][et_pb_column type=&#8221;1_2&#8243; _builder_version=&#8221;3.25.4&#8243;][et_pb_image src=&#8221;https:\/\/schettini.eng.br\/web\/wp-content\/uploads\/2019\/09\/consultoria-plano-de-trabalho.jpg&#8221; admin_label=&#8221;Imagem Loteamento&#8221; _builder_version=&#8221;3.25.4&#8243; border_radii=&#8221;on|5px|5px|5px|5px&#8221;][\/et_pb_image][et_pb_text admin_label=&#8221;Texto Loteamento&#8221; _builder_version=&#8221;3.27.4&#8243;]<\/p>\n<h3><strong>Plano de Trabalho para Capta\u00e7\u00e3o de Recursos Financeiros<\/strong><\/h3>\n<p><span>Promover pr\u00e9-projetos que priorizam as necessidades de implanta\u00e7\u00e3o da infraestrutura em sua plena funcionalidade atrav\u00e9s de um planejamento de viabilidade e cronograma f\u00edsico-financeiro. Prevendo sistemas de drenagem, pavimenta\u00e7\u00e3o, transporte viario e ciclovi\u00e1rio e sinaliza\u00e7\u00e3o vi\u00e1ria.<\/span><\/p>\n<p>[\/et_pb_text][\/et_pb_column][et_pb_column type=&#8221;1_2&#8243; _builder_version=&#8221;3.25.4&#8243;][et_pb_image src=&#8221;https:\/\/schettini.eng.br\/web\/wp-content\/uploads\/2019\/09\/consultoria-orcamento-de-obras.jpg&#8221; admin_label=&#8221;Imagem Macrodrenagem&#8221; _builder_version=&#8221;3.25.4&#8243; border_radii=&#8221;on|5px|5px|5px|5px&#8221;][\/et_pb_image][et_pb_text admin_label=&#8221;Texto Macrodrenagem&#8221; _builder_version=&#8221;3.27.4&#8243;]<\/p>\n<h3><strong>Or\u00e7amento de Obras<\/strong><\/h3>\n<p><span>Na \u00e1rea de Engenharia Consultiva de Custos e Planejamento, elaborarmos or\u00e7amentos de obras e propostas t\u00e9cnicas, apresentando or\u00e7amentos sint\u00e9ticos, or\u00e7amentos anal\u00edticos, MO e MAT, curva ABC insumos e servi\u00e7os, programa\u00e7\u00e3o de insumos por etapa e atividade construtiva.<\/span><\/p>\n<p>[\/et_pb_text][\/et_pb_column][\/et_pb_row][et_pb_row column_structure=&#8221;1_2,1_2&#8243; admin_label=&#8221;Linha 2&#8243; _builder_version=&#8221;3.25.4&#8243; collapsed=&#8221;on&#8221;][et_pb_column type=&#8221;1_2&#8243; _builder_version=&#8221;3.25.4&#8243;][et_pb_image src=&#8221;https:\/\/schettini.eng.br\/web\/wp-content\/uploads\/2019\/09\/consultoria-plano-diretor.jpg&#8221; admin_label=&#8221;Imagem Fundo de Vale&#8221; _builder_version=&#8221;3.25.4&#8243; border_radii=&#8221;on|5px|5px|5px|5px&#8221;][\/et_pb_image][et_pb_text admin_label=&#8221;Texto Fundo de Vale&#8221; _builder_version=&#8221;3.27.4&#8243;]<\/p>\n<h3><strong>Plano Diretor de Drenagem<\/strong><\/h3>\n<p><span>O principal objetivo deste plano \u00e9 criar mecanismos de gest\u00e3o para a bacia hidrogr\u00e1fica, o zoneamento urbano e as estruturas de macro e microdrenagem. Esta gest\u00e3o \u00e9 baseada em um planejamento pr\u00e9vio, que visa evitar perdas econ\u00f4micas, melhorar as condi\u00e7\u00f5es de saneamento e do meio ambiente.<\/span><\/p>\n<p>[\/et_pb_text][\/et_pb_column][et_pb_column type=&#8221;1_2&#8243; _builder_version=&#8221;3.25.4&#8243;][et_pb_image src=&#8221;https:\/\/schettini.eng.br\/web\/wp-content\/uploads\/2019\/09\/consultoria-supervisao-fiscalizacao.jpg&#8221; admin_label=&#8221;Imagem Conten\u00e7\u00e3o&#8221; _builder_version=&#8221;3.25.4&#8243; border_radii=&#8221;on|5px|5px|5px|5px&#8221;][\/et_pb_image][et_pb_text admin_label=&#8221;Texto Conten\u00e7\u00e3o&#8221; _builder_version=&#8221;3.27.4&#8243;]<\/p>\n<h3><strong>Supervis\u00e3o e Fiscaliza\u00e7\u00e3o de Obras<\/strong><\/h3>\n<p><span>Este servi\u00e7o busca auxiliar na gest\u00e3o t\u00e9cnica da fase executiva do empreendimento, incluindo as necess\u00e1rias interfaces administrativas, para que as obras e servi\u00e7os do empreendimento sejam executados sob controle permanente, conduzindo a resultados compat\u00edveis com as expectativas do projeto.<\/span><\/p>\n<p>[\/et_pb_text][\/et_pb_column][\/et_pb_row][et_pb_row _builder_version=&#8221;3.25.4&#8243; collapsed=&#8221;on&#8221;][et_pb_column type=&#8221;4_4&#8243; _builder_version=&#8221;3.25.4&#8243;][et_pb_divider divider_weight=&#8221;3px&#8221; _builder_version=&#8221;3.25.4&#8243;][\/et_pb_divider][\/et_pb_column][\/et_pb_row][\/et_pb_section][et_pb_section fb_built=&#8221;1&#8243; admin_label=&#8221;Se\u00e7\u00e3o Rodap\u00e9&#8221; _builder_version=&#8221;3.25.4&#8243; background_color=&#8221;#5e0000&#8243; custom_margin=&#8221;|||||&#8221; custom_padding=&#8221;||&#8221; global_module=&#8221;100&#8243; collapsed=&#8221;on&#8221;][et_pb_row column_structure=&#8221;1_4,1_4,1_4,1_4&#8243; _builder_version=&#8221;3.25.4&#8243;][et_pb_column type=&#8221;1_4&#8243; _builder_version=&#8221;3.25.4&#8243;][et_pb_image src=&#8221;https:\/\/schettini.eng.br\/web\/wp-content\/uploads\/2019\/07\/selo-schettini-cinza.png&#8221; _builder_version=&#8221;3.25.4&#8243;][\/et_pb_image][\/et_pb_column][et_pb_column type=&#8221;1_4&#8243; _builder_version=&#8221;3.25.4&#8243;][et_pb_text _builder_version=&#8221;3.27.4&#8243; header_4_font=&#8221;||||||||&#8221; header_4_text_color=&#8221;#aaaaaa&#8221;]<\/p>\n<h4><strong>Schettini Engenharia<\/strong><\/h4>\n<p><strong>Tecnologia Empresarial, Engenharia e Consultoria\u00a0de Projetos<\/strong><\/p>\n<p>[\/et_pb_text][\/et_pb_column][et_pb_column type=&#8221;1_4&#8243; _builder_version=&#8221;3.25.4&#8243;][et_pb_text _builder_version=&#8221;3.27.4&#8243; header_4_font=&#8221;||||||||&#8221; header_4_text_color=&#8221;#aaaaaa&#8221;]<\/p>\n<h4><strong>Endere\u00e7o<\/strong><\/h4>\n<p><strong>R. Dr. Paulo Machado (Antiga Furnas), 1092 &#8211; Jd. Autonomista &#8211; Campo Grande MS.<\/strong><\/p>\n<p>[\/et_pb_text][\/et_pb_column][et_pb_column type=&#8221;1_4&#8243; _builder_version=&#8221;3.25.4&#8243;][et_pb_text _builder_version=&#8221;3.27.4&#8243; header_4_font=&#8221;||||||||&#8221; header_4_text_color=&#8221;#aaaaaa&#8221;]<\/p>\n<h4><strong>Expediente<\/strong><\/h4>\n<p><strong>Seg-Sex<br \/><\/strong><strong>8 \u00e0s 18H<\/strong><\/p>\n<p>[\/et_pb_text][\/et_pb_column][\/et_pb_row][\/et_pb_section]<\/p>\n","protected":false},"excerpt":{"rendered":"<p>ENGENHARIA DE PROJETOINFRAESTRUTURA URBANA \u2022 Infraestrutura de Loteamento Urbano \u2022 Urbaniza\u00e7\u00e3o de Fundo de Vale \u2022 Macrodrenagem Urbana \u2022 Conten\u00e7\u00e3o de Enchentes Urbanas &nbsp;Infraestrutura e Loteamento Urbano Pavimenta\u00e7\u00e3o, drenagem e terraplenagem nos Residenciais Damha I, II, III e IV e Villas Damha em Campo Grande\/MS; Solu\u00e7\u00f5es integradas com o planejameto da terraplenagem para obter custo [&hellip;]<\/p>\n","protected":false},"author":1,"featured_media":0,"parent":0,"menu_order":0,"comment_status":"closed","ping_status":"closed","template":"","meta":{"_et_pb_use_builder":"on","_et_pb_old_content":"","_et_gb_content_width":"","footnotes":""},"class_list":["post-109","page","type-page","status-publish","hentry"],"_links":{"self":[{"href":"https:\/\/schettini.eng.br\/web\/wp-json\/wp\/v2\/pages\/109","targetHints":{"allow":["GET"]}}],"collection":[{"href":"https:\/\/schettini.eng.br\/web\/wp-json\/wp\/v2\/pages"}],"about":[{"href":"https:\/\/schettini.eng.br\/web\/wp-json\/wp\/v2\/types\/page"}],"author":[{"embeddable":true,"href":"https:\/\/schettini.eng.br\/web\/wp-json\/wp\/v2\/users\/1"}],"replies":[{"embeddable":true,"href":"https:\/\/schettini.eng.br\/web\/wp-json\/wp\/v2\/comments?post=109"}],"version-history":[{"count":18,"href":"https:\/\/schettini.eng.br\/web\/wp-json\/wp\/v2\/pages\/109\/revisions"}],"predecessor-version":[{"id":722,"href":"https:\/\/schettini.eng.br\/web\/wp-json\/wp\/v2\/pages\/109\/revisions\/722"}],"wp:attachment":[{"href":"https:\/\/schettini.eng.br\/web\/wp-json\/wp\/v2\/media?parent=109"}],"curies":[{"name":"wp","href":"https:\/\/api.w.org\/{rel}","templated":true}]}}