{"id":211,"date":"2019-10-01T20:30:46","date_gmt":"2019-10-01T20:30:46","guid":{"rendered":"https:\/\/schettini.eng.br\/web\/?page_id=211"},"modified":"2020-03-02T15:22:37","modified_gmt":"2020-03-02T19:22:37","slug":"tecnologia-empresarial-schettini-tes","status":"publish","type":"page","link":"https:\/\/schettini.eng.br\/web\/tecnologia-empresarial-schettini-tes\/","title":{"rendered":"Tecnologia Empresarial Schettini (TES)"},"content":{"rendered":"<p>[et_pb_section fb_built=&#8221;1&#8243; fullwidth=&#8221;on&#8221; _builder_version=&#8221;4.2.2&#8243; background_color=&#8221;#ab1a1e&#8221; background_enable_image=&#8221;off&#8221; background_size=&#8221;initial&#8221; background_repeat=&#8221;repeat&#8221; hover_enabled=&#8221;0&#8243; max_height=&#8221;110px&#8221; custom_margin=&#8221;-40px||||false|false&#8221;][et_pb_fullwidth_header title=&#8221;Tecnologia Empresarial Schettini (TES)&#8221; _builder_version=&#8221;4.2.2&#8243; background_enable_color=&#8221;off&#8221; background_image=&#8221;https:\/\/schettini.eng.br\/web\/wp-content\/uploads\/2020\/02\/pixel-bg2.jpg&#8221; background_size=&#8221;initial&#8221; background_repeat=&#8221;repeat&#8221;][\/et_pb_fullwidth_header][\/et_pb_section][et_pb_section fb_built=&#8221;1&#8243; _builder_version=&#8221;3.25.4&#8243; custom_margin=&#8221;||&#8221;][et_pb_row _builder_version=&#8221;3.25.4&#8243;][et_pb_column type=&#8221;4_4&#8243; _builder_version=&#8221;3.25.4&#8243;][et_pb_text _builder_version=&#8221;3.27.4&#8243;]<\/p>\n<blockquote>\n<h1><strong>Sobre nossa Tecnologia<\/strong><\/h1>\n<\/blockquote>\n<p>[\/et_pb_text][et_pb_text _builder_version=&#8221;3.27.4&#8243;]<\/p>\n<p style=\"text-align: justify;\">O comprometimento com a inova\u00e7\u00e3o e supera\u00e7\u00e3o de desafios nos motivou a implantar um Escrit\u00f3rio de Gerenciamento de Projetos ou, em ingl\u00eas, Project Management Office (PMO). Programas como Kaizen, SS e a funda\u00e7\u00e3o PMI, definiram a filosofia, a organiza\u00e7\u00e3o e o modelo de gest\u00e3o da Schettini Engenharia pavimentando o seu crescimento sustent\u00e1vel. A estrutura\u00e7\u00e3o integrada de projetos, a absor\u00e7\u00e3o de boas pr\u00e1ticas e a inova\u00e7\u00e3o tecnol\u00f3gica conferem a este PMO a miss\u00e3o de estabelecer uma l\u00f3gica estrat\u00e9gica forte e sinergia entre as equipes de trabalho.<\/p>\n<p>[\/et_pb_text][\/et_pb_column][\/et_pb_row][et_pb_row column_structure=&#8221;1_5,1_5,1_5,1_5,1_5&#8243; _builder_version=&#8221;3.25.4&#8243;][et_pb_column type=&#8221;1_5&#8243; _builder_version=&#8221;3.25.4&#8243;][et_pb_image src=&#8221;https:\/\/schettini.eng.br\/web\/wp-content\/uploads\/2019\/10\/01-met-procedimentos.png&#8221; _builder_version=&#8221;3.25.4&#8243; custom_padding=&#8221;||&#8221; border_radii=&#8221;on|15px|15px|15px|15px&#8221; box_shadow_style=&#8221;preset3&#8243;][\/et_pb_image][et_pb_text _builder_version=&#8221;3.27.4&#8243;]<\/p>\n<ul>\n<li>Processo do ciclo de vida e da empresa<\/li>\n<li>Metodologia<\/li>\n<li>Comunica\u00e7\u00e3o e reporte<\/li>\n<li>Ger\u00eancia de stakeholders<\/li>\n<li>Ger\u00eancia de mudan\u00e7as<\/li>\n<\/ul>\n<p>[\/et_pb_text][\/et_pb_column][et_pb_column type=&#8221;1_5&#8243; _builder_version=&#8221;3.25.4&#8243;][et_pb_image src=&#8221;https:\/\/schettini.eng.br\/web\/wp-content\/uploads\/2019\/10\/02-ger-infraestrutura.png&#8221; _builder_version=&#8221;3.25.4&#8243; custom_padding=&#8221;||&#8221; border_radii=&#8221;on|15px|15px|15px|15px&#8221; box_shadow_style=&#8221;preset3&#8243;][\/et_pb_image][et_pb_text _builder_version=&#8221;3.27.4&#8243;]<\/p>\n<ul>\n<li>Estrutura e Organiza\u00e7\u00e3o<\/li>\n<li>Sistemas<\/li>\n<li>An\u00e1lise<\/li>\n<li>M\u00e9tricas e Padr\u00f5es<\/li>\n<li>Equipamentos e Facilidades<\/li>\n<\/ul>\n<p>[\/et_pb_text][\/et_pb_column][et_pb_column type=&#8221;1_5&#8243; _builder_version=&#8221;3.25.4&#8243;][et_pb_image src=&#8221;https:\/\/schettini.eng.br\/web\/wp-content\/uploads\/2019\/10\/03-ger-recursos.png&#8221; _builder_version=&#8221;3.25.4&#8243; custom_padding=&#8221;||&#8221; border_radii=&#8221;on|15px|15px|15px|15px&#8221; box_shadow_style=&#8221;preset3&#8243;][\/et_pb_image][et_pb_text _builder_version=&#8221;3.27.4&#8243;]<\/p>\n<ul>\n<li>Contrata\u00e7\u00e3o<\/li>\n<li>Treinamento<\/li>\n<li>Desenvolvimento da Carreira<\/li>\n<li>Avalia\u00e7\u00e3o e Performance<\/li>\n<li>Contrata\u00e7\u00e3o de Parceiros<\/li>\n<\/ul>\n<p>[\/et_pb_text][\/et_pb_column][et_pb_column type=&#8221;1_5&#8243; _builder_version=&#8221;3.25.4&#8243;][et_pb_image src=&#8221;https:\/\/schettini.eng.br\/web\/wp-content\/uploads\/2019\/10\/04-ger-tecnica.png&#8221; _builder_version=&#8221;3.25.4&#8243; custom_padding=&#8221;||&#8221; border_radii=&#8221;on|15px|15px|15px|15px&#8221; box_shadow_style=&#8221;preset3&#8243;][\/et_pb_image][et_pb_text _builder_version=&#8221;3.27.4&#8243;]<\/p>\n<ul>\n<li>Coaching<\/li>\n<li>Auditoria<\/li>\n<li>Suporte<\/li>\n<li>Biblioteca e Arquivos<\/li>\n<li>Compet\u00eancia T\u00e9cnica<\/li>\n<\/ul>\n<p>[\/et_pb_text][\/et_pb_column][et_pb_column type=&#8221;1_5&#8243; _builder_version=&#8221;3.25.4&#8243;][et_pb_image src=&#8221;https:\/\/schettini.eng.br\/web\/wp-content\/uploads\/2019\/10\/05-int-negocios.png&#8221; _builder_version=&#8221;3.25.4&#8243; custom_padding=&#8221;||&#8221; border_radii=&#8221;on|15px|15px|15px|15px&#8221; box_shadow_style=&#8221;preset3&#8243;][\/et_pb_image][et_pb_text _builder_version=&#8221;3.27.4&#8243;]<\/p>\n<ul>\n<li>Pol\u00edticas<\/li>\n<li>Ger\u00eancia de Portfolio<\/li>\n<li>Interfaces Funcionais<\/li>\n<li>Ger\u00eancia de Clientes<\/li>\n<li>Melhoria Cont\u00ednua<\/li>\n<\/ul>\n<p>[\/et_pb_text][\/et_pb_column][\/et_pb_row][et_pb_row column_structure=&#8221;3_5,2_5&#8243; _builder_version=&#8221;3.25.4&#8243;][et_pb_column type=&#8221;3_5&#8243; _builder_version=&#8221;3.25.4&#8243; custom_padding=&#8221;||&#8221;][et_pb_text _builder_version=&#8221;3.27.4&#8243;]<\/p>\n<blockquote>\n<h1><strong>Capacidade Operacional<\/strong><\/h1>\n<\/blockquote>\n<p>[\/et_pb_text][et_pb_text _builder_version=&#8221;3.27.4&#8243;]<\/p>\n<p style=\"text-align: justify;\">Em um mercado competitivo, a excel\u00eancia profissional exigida para cada circunst\u00e2ncia \u00e9 caracter\u00edstica dos servi\u00e7os realizados pela Schettini Engenharia. Inovamos todos os dias a fim de entregar o melhor produto \u00e0 sociedade. Um dos fatores de sucesso \u00e9 a equipe multidisciplinar combinada com equipes de campo respons\u00e1veis pela coleta de dados e laboratoristas.<\/p>\n<p>[\/et_pb_text][\/et_pb_column][et_pb_column type=&#8221;2_5&#8243; _builder_version=&#8221;3.25.4&#8243;][et_pb_text _builder_version=&#8221;3.27.4&#8243; text_font=&#8221;||||||||&#8221; text_text_color=&#8221;#ffffff&#8221; use_background_color_gradient=&#8221;on&#8221; background_color_gradient_start=&#8221;#aa4447&#8243; background_color_gradient_end=&#8221;#ab1a1e&#8221; custom_padding=&#8221;10px|20px||20px&#8221; border_radii=&#8221;on|5px|5px|5px|5px&#8221; box_shadow_style=&#8221;preset3&#8243; box_shadow_vertical=&#8221;7px&#8221; box_shadow_blur=&#8221;10px&#8221; box_shadow_spread=&#8221;-4px&#8221; box_shadow_color=&#8221;rgba(0,0,0,0.64)&#8221;]<\/p>\n<ul>\n<li>Engenheiros Sanitaristas e Ambientais<\/li>\n<li>Engenheiros Civis<\/li>\n<li>Engenheiro Eletricista<\/li>\n<li>Arquitetos e Urbanistas<\/li>\n<li>Ge\u00f3logos<\/li>\n<li>Bi\u00f3logos<\/li>\n<li>Administradores<\/li>\n<li>Contadores<\/li>\n<li>T\u00e9cnicos e Desenhistas Projetistas<\/li>\n<li>Estagi\u00e1rios de Engenharia<\/li>\n<li>Estagi\u00e1rios de Arquitetura<\/li>\n<\/ul>\n<p>[\/et_pb_text][\/et_pb_column][\/et_pb_row][et_pb_row _builder_version=&#8221;3.25.4&#8243; custom_padding=&#8221;||0px|||&#8221;][et_pb_column type=&#8221;4_4&#8243; _builder_version=&#8221;3.25.4&#8243; custom_padding=&#8221;||&#8221;][et_pb_text _builder_version=&#8221;3.27.4&#8243;]<\/p>\n<blockquote>\n<h1><strong>Pessoas em N\u00fameros<\/strong><\/h1>\n<\/blockquote>\n<p>[\/et_pb_text][\/et_pb_column][\/et_pb_row][et_pb_row column_structure=&#8221;1_4,1_2,1_4&#8243; use_custom_gutter=&#8221;on&#8221; gutter_width=&#8221;1&#8243; make_equal=&#8221;on&#8221; _builder_version=&#8221;3.25.4&#8243; module_alignment=&#8221;center&#8221; custom_padding=&#8221;0px|||||&#8221;][et_pb_column type=&#8221;1_4&#8243; _builder_version=&#8221;3.25.4&#8243; background_color=&#8221;#ab1a1e&#8221; custom_padding=&#8221;50px||&#8221;][et_pb_image src=&#8221;https:\/\/schettini.eng.br\/web\/wp-content\/uploads\/2019\/10\/colaboradores.png&#8221; show_bottom_space=&#8221;off&#8221; align=&#8221;center&#8221; _builder_version=&#8221;3.25.4&#8243;][\/et_pb_image][et_pb_number_counter title=&#8221;Colaboradores&#8221; number=&#8221;54&#8243; percent_sign=&#8221;off&#8221; _builder_version=&#8221;3.25.4&#8243; title_font=&#8221;|700|||||||&#8221; title_text_color=&#8221;#ffffff&#8221; title_font_size=&#8221;20px&#8221; number_font=&#8221;|800|||||||&#8221; number_text_color=&#8221;#FFBB00&#8243; number_font_size=&#8221;45px&#8221; number_line_height=&#8221;100px&#8221; custom_margin=&#8221;-20px||&#8221;][\/et_pb_number_counter][\/et_pb_column][et_pb_column type=&#8221;1_2&#8243; _builder_version=&#8221;3.25.4&#8243; use_background_color_gradient=&#8221;on&#8221; background_color_gradient_start=&#8221;rgba(170,170,170,0.29)&#8221; background_color_gradient_end=&#8221;#ffffff&#8221; background_color_gradient_direction=&#8221;270deg&#8221; background_color_gradient_end_position=&#8221;12%&#8221; custom_padding=&#8221;10px|20px|10px|20px&#8221; border_color_all=&#8221;rgba(0,0,0,0)&#8221;][et_pb_text _builder_version=&#8221;3.27.4&#8243; custom_padding=&#8221;|||25px&#8221;]<\/p>\n<ul>\n<li><span style=\"font-size: medium;\"><strong>01\u00a0 Engenharia Sanit\u00e1ria Ambiental<\/strong><\/span><\/li>\n<li><span style=\"font-size: medium;\"><strong>08\u00a0 Engenharia El\u00e9trica<\/strong><\/span><\/li>\n<li><span style=\"font-size: medium;\"><strong>20\u00a0 Engenharia Civil<\/strong><\/span><\/li>\n<li><span style=\"font-size: medium;\"><strong>08\u00a0 Arquitetura e Urbanismo<\/strong><\/span><\/li>\n<li><span style=\"font-size: medium;\"><strong>04\u00a0 Geotecnia<\/strong><\/span><\/li>\n<li><span style=\"font-size: medium;\"><strong>04\u00a0 Topografia<\/strong><\/span><\/li>\n<li><span style=\"font-size: medium;\"><strong>03\u00a0 Tecnologia da Informa\u00e7\u00e3o<\/strong><\/span><\/li>\n<li><span style=\"font-size: medium;\"><strong>05\u00a0 Administra\u00e7\u00e3o<\/strong><\/span><\/li>\n<\/ul>\n<p>[\/et_pb_text][\/et_pb_column][et_pb_column type=&#8221;1_4&#8243; _builder_version=&#8221;3.25.4&#8243; custom_padding=&#8221;10px|20px|10px|20px&#8221;][et_pb_counters _builder_version=&#8221;3.25.4&#8243; title_font=&#8221;||||||||&#8221; percent_font=&#8221;||||||||&#8221; background_color=&#8221;rgba(170,170,170,0.14)&#8221;][et_pb_counter percent=&#8221;18&#8243; bar_background_color=&#8221;#f6b968&#8243; _builder_version=&#8221;3.25.4&#8243; title_font=&#8221;|800|||||||&#8221; title_font_size=&#8221;20px&#8221; title_line_height=&#8221;1.7em&#8221; percent_font=&#8221;|800|||||||&#8221; percent_text_align=&#8221;left&#8221; percent_font_size=&#8221;20px&#8221; percent_letter_spacing=&#8221;0px&#8221; percent_line_height=&#8221;1.6em&#8221; text_orientation=&#8221;center&#8221; background_color_default=&#8221;rgba(170,170,170,0.14)&#8221; background_enable_color_default=&#8221;on&#8221; parallax_default=&#8221;off&#8221; parallax_method_default=&#8221;on&#8221; bar_background_color_default=&#8221;#ab1a1e&#8221; use_percentages=&#8221;on&#8221; allow_player_pause_default=&#8221;off&#8221;]de Mulheres[\/et_pb_counter][et_pb_counter percent=&#8221;82&#8243; bar_background_color=&#8221;#f6b968&#8243; _builder_version=&#8221;3.25.4&#8243; title_font=&#8221;|800|||||||&#8221; title_font_size=&#8221;20px&#8221; percent_font=&#8221;|800|||||||&#8221; percent_text_align=&#8221;left&#8221; percent_font_size=&#8221;20px&#8221; percent_letter_spacing=&#8221;0px&#8221; percent_line_height=&#8221;1.6em&#8221; text_orientation=&#8221;center&#8221; background_color_default=&#8221;rgba(170,170,170,0.14)&#8221; background_enable_color_default=&#8221;on&#8221; parallax_default=&#8221;off&#8221; parallax_method_default=&#8221;on&#8221; bar_background_color_default=&#8221;#ab1a1e&#8221; use_percentages=&#8221;on&#8221; allow_player_pause_default=&#8221;off&#8221;]de Homens[\/et_pb_counter][et_pb_counter percent=&#8221;40&#8243; bar_background_color=&#8221;#ab1a1e&#8221; _builder_version=&#8221;3.25.4&#8243; title_font=&#8221;|800|||||||&#8221; title_font_size=&#8221;15px&#8221; percent_font=&#8221;|800|||||||&#8221; percent_text_align=&#8221;left&#8221; percent_font_size=&#8221;30px&#8221; percent_letter_spacing=&#8221;0px&#8221; percent_line_height=&#8221;1.6em&#8221; text_orientation=&#8221;center&#8221; background_color_default=&#8221;rgba(170,170,170,0.14)&#8221; background_enable_color_default=&#8221;on&#8221; parallax_default=&#8221;off&#8221; parallax_method_default=&#8221;on&#8221; bar_background_color_default=&#8221;#ab1a1e&#8221; use_percentages=&#8221;on&#8221; allow_player_pause_default=&#8221;off&#8221;]+ de 10 anos na empresa[\/et_pb_counter][\/et_pb_counters][\/et_pb_column][\/et_pb_row][\/et_pb_section][et_pb_section fb_built=&#8221;1&#8243; _builder_version=&#8221;3.25.4&#8243; background_color=&#8221;#5e0000&#8243; custom_margin=&#8221;-3px|||||&#8221; global_module=&#8221;517&#8243;][et_pb_row column_structure=&#8221;1_4,1_4,1_4,1_4&#8243; _builder_version=&#8221;3.25.4&#8243;][et_pb_column type=&#8221;1_4&#8243; _builder_version=&#8221;3.25.4&#8243;][et_pb_image src=&#8221;https:\/\/schettini.eng.br\/web\/wp-content\/uploads\/2019\/07\/selo-schettini-cinza.png&#8221; _builder_version=&#8221;3.25.4&#8243;][\/et_pb_image][\/et_pb_column][et_pb_column type=&#8221;1_4&#8243; _builder_version=&#8221;3.25.4&#8243;][et_pb_text _builder_version=&#8221;3.27.4&#8243; header_4_font=&#8221;||||||||&#8221; header_4_text_color=&#8221;#aaaaaa&#8221;]<\/p>\n<h4><span style=\"color: #ffffff;\"><strong>Schettini Engenharia<\/strong><\/span><\/h4>\n<p><span style=\"color: #ffffff;\"><strong>Gern\u00eancia de Projetos e Servi\u00e7os de Engenharia de infraestrutura, saneamento e tecnologia.<\/strong><\/span><\/p>\n<p>[\/et_pb_text][\/et_pb_column][et_pb_column type=&#8221;1_4&#8243; _builder_version=&#8221;3.25.4&#8243;][et_pb_text _builder_version=&#8221;3.27.4&#8243; header_4_font=&#8221;||||||||&#8221; header_4_text_color=&#8221;#aaaaaa&#8221;]<\/p>\n<h4><span style=\"color: #ffffff;\"><strong>Endere\u00e7o<\/strong><\/span><\/h4>\n<p><span style=\"color: #ffffff;\"><strong>R. Dr. Paulo Machado (Antiga Furnas), 1092,\u00a0Jd. Autonomista<br \/>CEP 79021-300<br \/>Campo Grande MS.<\/strong><\/span><\/p>\n<p>[\/et_pb_text][\/et_pb_column][et_pb_column type=&#8221;1_4&#8243; _builder_version=&#8221;3.25.4&#8243;][et_pb_text _builder_version=&#8221;3.27.4&#8243; header_4_font=&#8221;||||||||&#8221; header_4_text_color=&#8221;#aaaaaa&#8221;]<\/p>\n<h4><span style=\"color: #ffffff;\"><strong>Expediente<\/strong><\/span><\/h4>\n<p><span style=\"color: #ffffff;\"><strong>Seg-Sex<br \/> <\/strong><strong>das 8 \u00e0s 12H<br \/>e das 14 \u00e0s 18H<\/strong><\/span><\/p>\n<p>[\/et_pb_text][\/et_pb_column][\/et_pb_row][\/et_pb_section]<\/p>\n","protected":false},"excerpt":{"rendered":"<p>Sobre nossa Tecnologia O comprometimento com a inova\u00e7\u00e3o e supera\u00e7\u00e3o de desafios nos motivou a implantar um Escrit\u00f3rio de Gerenciamento de Projetos ou, em ingl\u00eas, Project Management Office (PMO). Programas como Kaizen, SS e a funda\u00e7\u00e3o PMI, definiram a filosofia, a organiza\u00e7\u00e3o e o modelo de gest\u00e3o da Schettini Engenharia pavimentando o seu crescimento sustent\u00e1vel. [&hellip;]<\/p>\n","protected":false},"author":1,"featured_media":0,"parent":0,"menu_order":0,"comment_status":"closed","ping_status":"closed","template":"","meta":{"_et_pb_use_builder":"on","_et_pb_old_content":"","_et_gb_content_width":"","footnotes":""},"class_list":["post-211","page","type-page","status-publish","hentry"],"_links":{"self":[{"href":"https:\/\/schettini.eng.br\/web\/wp-json\/wp\/v2\/pages\/211","targetHints":{"allow":["GET"]}}],"collection":[{"href":"https:\/\/schettini.eng.br\/web\/wp-json\/wp\/v2\/pages"}],"about":[{"href":"https:\/\/schettini.eng.br\/web\/wp-json\/wp\/v2\/types\/page"}],"author":[{"embeddable":true,"href":"https:\/\/schettini.eng.br\/web\/wp-json\/wp\/v2\/users\/1"}],"replies":[{"embeddable":true,"href":"https:\/\/schettini.eng.br\/web\/wp-json\/wp\/v2\/comments?post=211"}],"version-history":[{"count":13,"href":"https:\/\/schettini.eng.br\/web\/wp-json\/wp\/v2\/pages\/211\/revisions"}],"predecessor-version":[{"id":708,"href":"https:\/\/schettini.eng.br\/web\/wp-json\/wp\/v2\/pages\/211\/revisions\/708"}],"wp:attachment":[{"href":"https:\/\/schettini.eng.br\/web\/wp-json\/wp\/v2\/media?parent=211"}],"curies":[{"name":"wp","href":"https:\/\/api.w.org\/{rel}","templated":true}]}}