{"id":953,"date":"2024-07-15T16:53:48","date_gmt":"2024-07-15T20:53:48","guid":{"rendered":"https:\/\/schettini.eng.br\/web\/?page_id=953"},"modified":"2024-07-16T13:59:41","modified_gmt":"2024-07-16T17:59:41","slug":"psi","status":"publish","type":"page","link":"https:\/\/schettini.eng.br\/web\/psi\/","title":{"rendered":"PSI"},"content":{"rendered":"<p>[et_pb_section fb_built=&#8221;1&#8243; _builder_version=&#8221;4.22.2&#8243; _module_preset=&#8221;default&#8221; global_colors_info=&#8221;{}&#8221;][et_pb_row _builder_version=&#8221;4.22.2&#8243; _module_preset=&#8221;default&#8221; global_colors_info=&#8221;{}&#8221;][et_pb_column type=&#8221;4_4&#8243; _builder_version=&#8221;4.22.2&#8243; _module_preset=&#8221;default&#8221; global_colors_info=&#8221;{}&#8221;][et_pb_text _builder_version=&#8221;4.22.2&#8243; _module_preset=&#8221;default&#8221; hover_enabled=&#8221;0&#8243; global_colors_info=&#8221;{}&#8221; sticky_enabled=&#8221;0&#8243;]<\/p>\n<h1>Pol\u00edtica de Privacidade<\/h1>\n<p><\/p>\n<p>Est\u00e1 Pol\u00edtica de Seguran\u00e7a da Informa\u00e7\u00e3o (PSI) se resume para este dom\u00ednio, (schettini.eng.br) e comp\u00f5e o Programa de Integridade da Schettini Engenharia, a fim de detectar eventuais irregularidades, como, por exemplo, fraudes internas e externas, falhas de controle, den\u00fancias e ass\u00e9dio moral ou sexual, descumprimento de pol\u00edticas e c\u00f3digos da empresa, ou pr\u00e1ticas de atos il\u00edcitos.<\/p>\n<p>Instrumento que comp\u00f5e a o pilar da Detec\u00e7\u00e3o (Den\u00fancia, Investiga\u00e7\u00e3o e Fiscaliza\u00e7\u00e3o) no Programa de Integridade e, portanto, uma ferramenta aliada ao cumprimento do Compliance para ser o meio de comunica\u00e7\u00e3o, educa\u00e7\u00e3o e instru\u00e7\u00e3o para as condutas e pr\u00e1ticas consideradas legais.<\/p>\n<p>Esta Pol\u00edtica de Privacidade descreve como a Schettini Engenharia LTDA (\u201cn\u00f3s\u201d, \u201cnosso\u201d ou \u201cempresa\u201d) coleta, usa, armazena e protege as informa\u00e7\u00f5es pessoais dos usu\u00e1rios (\u201cvoc\u00ea\u201d ou \u201cusu\u00e1rio\u201d) ao utilizar nosso site. Comprometemo-nos a respeitar e proteger a sua privacidade de acordo com as disposi\u00e7\u00f5es da Lei Geral de Prote\u00e7\u00e3o de Dados (LGPD).<\/p>\n<p><em><u>Ao acessar e utilizar nosso site, voc\u00ea concorda em cumprir as seguintes politicas:<\/u><\/em><\/p>\n<p><strong>Informa\u00e7\u00f5es Coletadas<\/strong><\/p>\n<ul>\n<li>Informa\u00e7\u00f5es fornecidas por voc\u00ea: Podemos coletar informa\u00e7\u00f5es pessoais que voc\u00ea fornece voluntariamente ao preencher formul\u00e1rios de contato, fazer solicita\u00e7\u00f5es de informa\u00e7\u00f5es, ou interagir com nosso site. Essas informa\u00e7\u00f5es podem incluir seu nome, endere\u00e7o de e-mail, n\u00famero de telefone e outras informa\u00e7\u00f5es de contato.<\/li>\n<li>Informa\u00e7\u00f5es de uso: Podemos coletar informa\u00e7\u00f5es sobre como voc\u00ea usa nosso site, incluindo dados de acesso, endere\u00e7o IP, tipo de navegador, p\u00e1ginas visualizadas, tempo gasto no site e outras informa\u00e7\u00f5es de an\u00e1lise.<\/li>\n<\/ul>\n<p><strong>Uso das Informa\u00e7\u00f5es<\/strong><\/p>\n<ul>\n<li>Utiliza\u00e7\u00e3o das informa\u00e7\u00f5es pessoais: Utilizaremos as informa\u00e7\u00f5es pessoais fornecidas por voc\u00ea para responder a suas solicita\u00e7\u00f5es, fornecer servi\u00e7os solicitados, enviar comunica\u00e7\u00f5es relacionadas aos nossos produtos e servi\u00e7os, melhorar a experi\u00eancia do usu\u00e1rio e cumprir nossas obriga\u00e7\u00f5es legais.<\/li>\n<li>Informa\u00e7\u00f5es de uso: As informa\u00e7\u00f5es de uso s\u00e3o coletadas de forma an\u00f4nima e s\u00e3o utilizadas para melhorar nosso site, entender as prefer\u00eancias dos usu\u00e1rios, personalizar o conte\u00fado e analisar tend\u00eancias e padr\u00f5es de uso. Esses dados tamb\u00e9m podem ser usados para fins de marketing e publicidade.<\/li>\n<\/ul>\n<p><strong>Compartilhamento de Informa\u00e7\u00f5es<\/strong><\/p>\n<ul>\n<li>Parceiros de neg\u00f3cios: Podemos compartilhar suas informa\u00e7\u00f5es pessoais com parceiros de neg\u00f3cios, provedores de servi\u00e7os e fornecedores terceirizados que nos auxiliam na opera\u00e7\u00e3o do site e na presta\u00e7\u00e3o de servi\u00e7os. Essas empresas devem cumprir as disposi\u00e7\u00f5es de privacidade adequadas e est\u00e3o proibidas de usar suas informa\u00e7\u00f5es para qualquer outro prop\u00f3sito.<\/li>\n<li>Cumprimento legal: Podemos compartilhar suas informa\u00e7\u00f5es pessoais quando exigido por lei, regulamenta\u00e7\u00e3o governamental, ordem judicial ou para cumprir obriga\u00e7\u00f5es legais.<\/li>\n<\/ul>\n<p><strong>Cookies e Tecnologias de Rastreamento<\/strong><\/p>\n<ul>\n<li>Cookies: Utilizamos cookies e tecnologias similares para coletar informa\u00e7\u00f5es de uso e melhorar a experi\u00eancia do usu\u00e1rio. Voc\u00ea pode configurar seu navegador para recusar cookies ou alert\u00e1-lo quando um cookie estiver sendo enviado.<\/li>\n<\/ul>\n<p><strong>Seguran\u00e7a das Informa\u00e7\u00f5es<\/strong><\/p>\n<ul>\n<li>Medidas de seguran\u00e7a: Implementamos medidas t\u00e9cnicas e organizacionais adequadas para proteger suas informa\u00e7\u00f5es pessoais contra perda, uso indevido, acesso n\u00e3o autorizado, divulga\u00e7\u00e3o ou altera\u00e7\u00e3o. No entanto, \u00e9 importante lembrar que nenhum m\u00e9todo de transmiss\u00e3o pela Internet ou armazenamento eletr\u00f4nico \u00e9 100% seguro.<\/li>\n<\/ul>\n<p>Seus Direitos<\/p>\n<ul>\n<li>Acesso e atualiza\u00e7\u00e3o: Voc\u00ea tem o direito de acessar e atualizar suas informa\u00e7\u00f5es pessoais que possu\u00edmos. Caso queira exercer esse direito, entre em contato conosco por meio das informa\u00e7\u00f5es fornecidas na se\u00e7\u00e3o de contato.<\/li>\n<li>Exclus\u00e3o: Voc\u00ea pode solicitar a exclus\u00e3o de suas informa\u00e7\u00f5es pessoais, exceto quando somos obrigados a mant\u00ea-las por motivos legais ou leg\u00edtimos.<\/li>\n<\/ul>\n<p><strong>Altera\u00e7\u00f5es a esta Pol\u00edtica de Privacidade<\/strong><\/p>\n<ul>\n<li>Reservamo-nos o direito de modificar esta Pol\u00edtica de Privacidade a qualquer momento. Recomendamos que voc\u00ea revise periodicamente esta pol\u00edtica para estar ciente das altera\u00e7\u00f5es. A continua\u00e7\u00e3o do uso do nosso site ap\u00f3s a publica\u00e7\u00e3o de altera\u00e7\u00f5es nesta pol\u00edtica ser\u00e1 considerada como sua aceita\u00e7\u00e3o dessas altera\u00e7\u00f5es.<\/li>\n<\/ul>\n<p><strong>Contato<\/strong><\/p>\n<ul>\n<li>Se voc\u00ea tiver d\u00favidas ou preocupa\u00e7\u00f5es sobre nossa Pol\u00edtica de Privacidade ou sobre o processamento de suas informa\u00e7\u00f5es pessoais, entre em contato conosco atrav\u00e9s dos detalhes fornecidos em nosso site.<\/li>\n<\/ul>\n<p>Email: <a href=\"mailto:dpo@schettini.eng.br\">dpo@schettini.eng.br<\/a><br \/>\nDPO \u2013 Marcos Gomes<\/p>\n<p>Esta Pol\u00edtica de Privacidade foi atualizada pela \u00faltima vez em 01\/02\/2024 1:48am.<\/p>\n<p>&nbsp;[\/et_pb_text][\/et_pb_column][\/et_pb_row][\/et_pb_section]<\/p>\n","protected":false},"excerpt":{"rendered":"<p>Pol\u00edtica de Privacidade Est\u00e1 Pol\u00edtica de Seguran\u00e7a da Informa\u00e7\u00e3o (PSI) se resume para este dom\u00ednio, (schettini.eng.br) e comp\u00f5e o Programa de Integridade da Schettini Engenharia, a fim de detectar eventuais irregularidades, como, por exemplo, fraudes internas e externas, falhas de controle, den\u00fancias e ass\u00e9dio moral ou sexual, descumprimento de pol\u00edticas e c\u00f3digos da empresa, ou [&hellip;]<\/p>\n","protected":false},"author":1,"featured_media":0,"parent":0,"menu_order":0,"comment_status":"closed","ping_status":"closed","template":"","meta":{"_et_pb_use_builder":"on","_et_pb_old_content":"","_et_gb_content_width":"","footnotes":""},"class_list":["post-953","page","type-page","status-publish","hentry"],"_links":{"self":[{"href":"https:\/\/schettini.eng.br\/web\/wp-json\/wp\/v2\/pages\/953","targetHints":{"allow":["GET"]}}],"collection":[{"href":"https:\/\/schettini.eng.br\/web\/wp-json\/wp\/v2\/pages"}],"about":[{"href":"https:\/\/schettini.eng.br\/web\/wp-json\/wp\/v2\/types\/page"}],"author":[{"embeddable":true,"href":"https:\/\/schettini.eng.br\/web\/wp-json\/wp\/v2\/users\/1"}],"replies":[{"embeddable":true,"href":"https:\/\/schettini.eng.br\/web\/wp-json\/wp\/v2\/comments?post=953"}],"version-history":[{"count":5,"href":"https:\/\/schettini.eng.br\/web\/wp-json\/wp\/v2\/pages\/953\/revisions"}],"predecessor-version":[{"id":960,"href":"https:\/\/schettini.eng.br\/web\/wp-json\/wp\/v2\/pages\/953\/revisions\/960"}],"wp:attachment":[{"href":"https:\/\/schettini.eng.br\/web\/wp-json\/wp\/v2\/media?parent=953"}],"curies":[{"name":"wp","href":"https:\/\/api.w.org\/{rel}","templated":true}]}}