{"id":99,"date":"2019-09-23T18:51:09","date_gmt":"2019-09-23T18:51:09","guid":{"rendered":"https:\/\/schettini.eng.br\/web\/?page_id=99"},"modified":"2020-03-02T15:13:29","modified_gmt":"2020-03-02T19:13:29","slug":"sobre-nos","status":"publish","type":"page","link":"https:\/\/schettini.eng.br\/web\/sobre-nos\/","title":{"rendered":"Sobre N\u00f3s"},"content":{"rendered":"<p>[et_pb_section fb_built=&#8221;1&#8243; fullwidth=&#8221;on&#8221; _builder_version=&#8221;4.2.2&#8243; background_color=&#8221;#ab1a1e&#8221; background_enable_image=&#8221;off&#8221; background_size=&#8221;initial&#8221; background_repeat=&#8221;repeat&#8221;][et_pb_fullwidth_header title=&#8221;Sobre N\u00f3s&#8221; _builder_version=&#8221;4.2.2&#8243; background_enable_color=&#8221;off&#8221; background_image=&#8221;https:\/\/schettini.eng.br\/web\/wp-content\/uploads\/2020\/02\/pixel-bg2.jpg&#8221; background_size=&#8221;initial&#8221; background_repeat=&#8221;repeat&#8221; hover_enabled=&#8221;0&#8243; custom_padding=&#8221;||||false|false&#8221; max_height=&#8221;110px&#8221; custom_margin=&#8221;-40px||||false|false&#8221;][\/et_pb_fullwidth_header][\/et_pb_section][et_pb_section fb_built=&#8221;1&#8243; _builder_version=&#8221;3.25.4&#8243; custom_margin=&#8221;||&#8221;][et_pb_row column_structure=&#8221;1_2,1_2&#8243; _builder_version=&#8221;3.25.4&#8243;][et_pb_column type=&#8221;1_2&#8243; _builder_version=&#8221;3.25.4&#8243;][et_pb_image src=&#8221;https:\/\/schettini.eng.br\/web\/wp-content\/uploads\/2019\/10\/sala-de-reuniao.jpg&#8221; _builder_version=&#8221;3.25.4&#8243; border_radii=&#8221;on|5px|5px|5px|5px&#8221;][\/et_pb_image][et_pb_text _builder_version=&#8221;3.27.4&#8243;]<\/p>\n<h3 style=\"text-align: justify;\"><strong>Sobre N\u00f3s<\/strong><\/h3>\n<p style=\"text-align: justify;\">Desde 1992, a Schettini Engenharia, empresa de origem brasileira, est\u00e1 presente no mercado de consultoria independente, desenvolvendo e viabilizando projetos de infraestrutura e mobilidade urbana. Temos o compromisso em atender aos clientes e comunidades com planejamento, sustentabilidade e responsabilidade socioambiental, criando solu\u00e7\u00f5es integradas e inovadoras. \u00c9tica, excel\u00eancia e o cumprimento dos prazos acordados constituem o esp\u00edrito de trabalho deste escrit\u00f3rio de projetos.<\/p>\n<blockquote>\n<h3>Schettini.<strong> Construindo um legado<\/strong> no setor de infraestrutura urbana<\/h3>\n<\/blockquote>\n<p style=\"text-align: justify;\">Acompanhando o desenvolvimento do estado de Mato Grosso do Sul, a empresa consolidou-se como refer\u00eancia, permitindo a presen\u00e7a em todas as realiza\u00e7\u00f5es mais importantes da infraestrutura urbana. O avan\u00e7o econ\u00f4mico do Brasil possibilitou a expans\u00e3o dos objetivos da Schettini Engenharia, acumulando experi\u00eancia em projetos multidisciplinares junto aos organismos financeiros nacionais e internacionais.<\/p>\n<p style=\"text-align: justify;\">\n<p>[\/et_pb_text][\/et_pb_column][et_pb_column type=&#8221;1_2&#8243; _builder_version=&#8221;3.25.4&#8243;][et_pb_text _builder_version=&#8221;3.27.4&#8243;]<\/p>\n<blockquote>\n<h1><strong>Diferenciais<\/strong><\/h1>\n<\/blockquote>\n<p>[\/et_pb_text][et_pb_text _builder_version=&#8221;3.27.4&#8243;]<\/p>\n<h3><strong style=\"font-size: 14px; color: #666666;\">Administrativo<\/strong><\/h3>\n<p>\u2022 Controle de Bens Patrimoniais<br \/>\u2022 Manual Institucional<br \/>\u2022 ERP<br \/>\u2022 Recursos Humanos<\/p>\n<p><strong>Planejamento<\/strong><br \/>\u2022 Capacita\u00e7\u00e3o dos Funcion\u00e1rios<br \/>\u2022 Elabora\u00e7\u00e3o de Manuais T\u00e9cnicos<br \/>\u2022 Mapeamento de Processos<br \/>\u2022 Projetos de Engenharia em BIM<\/p>\n<p><strong>TI<\/strong><br \/>\u2022 Gest\u00e3o de Infraestrutura de TI<br \/>\u2022 Help Desk<br \/>\u2022 CFTV<br \/>\u2022 Administra\u00e7\u00e3o de Servidores Linux e Windows<\/p>\n<p><strong>Gr\u00e1fica<\/strong><br \/>\u2022 Gerenciamento de Custos<br \/>\u2022 Designer Gr\u00e1fico \/ Publicidade e Propaganda<\/p>\n<p><strong>Consultoria<\/strong><br \/>\u2022 Kaizen<br \/>\u2022 5S<br \/>\u2022 Kanban<br \/>\u2022 Sele\u00e7\u00e3o de Funcion\u00e1rio<\/p>\n<p>[\/et_pb_text][\/et_pb_column][\/et_pb_row][et_pb_row column_structure=&#8221;1_2,1_2&#8243; _builder_version=&#8221;3.25.4&#8243; custom_margin=&#8221;|auto||auto||&#8221;][et_pb_column type=&#8221;1_2&#8243; _builder_version=&#8221;3.25.4&#8243;][et_pb_text _builder_version=&#8221;3.27.4&#8243;]<\/p>\n<blockquote>\n<h1><strong>A Schettini em N\u00fameros<\/strong><\/h1>\n<\/blockquote>\n<p>[\/et_pb_text][et_pb_image src=&#8221;https:\/\/schettini.eng.br\/web\/wp-content\/uploads\/2019\/10\/destaque-projetos-pluviais.png&#8221; show_bottom_space=&#8221;off&#8221; align=&#8221;center&#8221; _builder_version=&#8221;3.25.4&#8243; custom_padding=&#8221;1px||1px&#8221;][\/et_pb_image][et_pb_image src=&#8221;https:\/\/schettini.eng.br\/web\/wp-content\/uploads\/2019\/10\/destaque-estudos-hidrologicos.png&#8221; show_bottom_space=&#8221;off&#8221; align=&#8221;center&#8221; _builder_version=&#8221;3.25.4&#8243; custom_padding=&#8221;1px||1px&#8221;][\/et_pb_image][et_pb_image src=&#8221;https:\/\/schettini.eng.br\/web\/wp-content\/uploads\/2019\/10\/destaque-projetos-bacia.png&#8221; show_bottom_space=&#8221;off&#8221; align=&#8221;center&#8221; _builder_version=&#8221;3.25.4&#8243; custom_padding=&#8221;1px||1px&#8221;][\/et_pb_image][et_pb_image src=&#8221;https:\/\/schettini.eng.br\/web\/wp-content\/uploads\/2019\/10\/destaque-restauracoes-pavimento.png&#8221; show_bottom_space=&#8221;off&#8221; align=&#8221;center&#8221; _builder_version=&#8221;3.25.4&#8243; custom_padding=&#8221;1px||1px&#8221;][\/et_pb_image][et_pb_image src=&#8221;https:\/\/schettini.eng.br\/web\/wp-content\/uploads\/2019\/10\/destaque-projetos-urbanizacao.png&#8221; show_bottom_space=&#8221;off&#8221; align=&#8221;center&#8221; _builder_version=&#8221;3.25.4&#8243; custom_padding=&#8221;1px||1px&#8221;][\/et_pb_image][et_pb_image src=&#8221;https:\/\/schettini.eng.br\/web\/wp-content\/uploads\/2019\/10\/destaque-estudos-trafego.png&#8221; show_bottom_space=&#8221;off&#8221; align=&#8221;center&#8221; _builder_version=&#8221;3.25.4&#8243; custom_padding=&#8221;1px||1px&#8221;][\/et_pb_image][et_pb_image src=&#8221;https:\/\/schettini.eng.br\/web\/wp-content\/uploads\/2019\/10\/destaque-pavimentacao-asfaltica.png&#8221; show_bottom_space=&#8221;off&#8221; align=&#8221;center&#8221; _builder_version=&#8221;3.25.4&#8243; custom_padding=&#8221;1px||1px&#8221;][\/et_pb_image][\/et_pb_column][et_pb_column type=&#8221;1_2&#8243; _builder_version=&#8221;3.25.4&#8243;][et_pb_text _builder_version=&#8221;3.27.4&#8243;]<\/p>\n<blockquote>\n<h1><strong>Nossos Mercados<\/strong><\/h1>\n<\/blockquote>\n<p>[\/et_pb_text][et_pb_image src=&#8221;https:\/\/schettini.eng.br\/web\/wp-content\/uploads\/2019\/10\/diagrama-nossos-mercados.png&#8221; _builder_version=&#8221;3.25.4&#8243;][\/et_pb_image][\/et_pb_column][\/et_pb_row][et_pb_row column_structure=&#8221;1_4,1_4,1_4,1_4&#8243; _builder_version=&#8221;3.25.4&#8243;][et_pb_column type=&#8221;1_4&#8243; _builder_version=&#8221;3.25.4&#8243;][et_pb_image src=&#8221;https:\/\/schettini.eng.br\/web\/wp-content\/uploads\/2019\/12\/capa-requalificacao-viaria-mobilidade.png&#8221; url=&#8221;https:\/\/schettini.eng.br\/web\/servicos\/#requalificacao-viaria-mobilidade-urbana&#8221; show_bottom_space=&#8221;off&#8221; align=&#8221;center&#8221; _builder_version=&#8221;3.25.4&#8243; custom_padding=&#8221;1px||1px&#8221;][\/et_pb_image][et_pb_divider show_divider=&#8221;off&#8221; _builder_version=&#8221;3.25.4&#8243;][\/et_pb_divider][\/et_pb_column][et_pb_column type=&#8221;1_4&#8243; _builder_version=&#8221;3.25.4&#8243;][et_pb_image src=&#8221;https:\/\/schettini.eng.br\/web\/wp-content\/uploads\/2019\/12\/capa-urbanizacao-fundo-vale.png&#8221; url=&#8221;https:\/\/schettini.eng.br\/web\/servicos\/#urbanizacao-fundo-de-vale&#8221; show_bottom_space=&#8221;off&#8221; align=&#8221;center&#8221; _builder_version=&#8221;3.25.4&#8243; custom_padding=&#8221;1px||1px&#8221;][\/et_pb_image][\/et_pb_column][et_pb_column type=&#8221;1_4&#8243; _builder_version=&#8221;3.25.4&#8243;][et_pb_image src=&#8221;https:\/\/schettini.eng.br\/web\/wp-content\/uploads\/2019\/12\/capa-infraestrutura-urbana.png&#8221; url=&#8221;https:\/\/schettini.eng.br\/web\/servicos\/#infraestrutura-urbana&#8221; show_bottom_space=&#8221;off&#8221; align=&#8221;center&#8221; _builder_version=&#8221;3.25.4&#8243; custom_padding=&#8221;1px||1px&#8221;][\/et_pb_image][\/et_pb_column][et_pb_column type=&#8221;1_4&#8243; _builder_version=&#8221;3.25.4&#8243;][et_pb_image src=&#8221;https:\/\/schettini.eng.br\/web\/wp-content\/uploads\/2019\/12\/capa-meio-ambiente-saneamento.png&#8221; url=&#8221;https:\/\/schettini.eng.br\/web\/servicos\/#meio-ambiente-e-saneamento&#8221; show_bottom_space=&#8221;off&#8221; align=&#8221;center&#8221; _builder_version=&#8221;3.25.4&#8243; custom_padding=&#8221;1px||1px&#8221;][\/et_pb_image][\/et_pb_column][\/et_pb_row][\/et_pb_section][et_pb_section fb_built=&#8221;1&#8243; _builder_version=&#8221;4.2.2&#8243; custom_margin=&#8221;||&#8221; hover_enabled=&#8221;0&#8243; use_background_color_gradient=&#8221;on&#8221; background_color_gradient_start=&#8221;rgba(170,170,170,0.24)&#8221; background_color_gradient_end=&#8221;rgba(170,170,170,0.46)&#8221; top_divider_style=&#8221;slant2&#8243; bottom_divider_style=&#8221;slant2&#8243; module_id=&#8221;sgq&#8221; prev_background_color=&#8221;#ffffff&#8221; next_background_color=&#8221;#ffffff&#8221;][et_pb_row _builder_version=&#8221;3.25.4&#8243;][et_pb_column type=&#8221;4_4&#8243; _builder_version=&#8221;3.25.4&#8243;][et_pb_text _builder_version=&#8221;3.27.4&#8243;]<\/p>\n<blockquote>\n<h1><strong>Sistema de Gest\u00e3o de Qualidade<br \/>(SGQ)<\/strong><\/h1>\n<\/blockquote>\n<p>[\/et_pb_text][et_pb_text _builder_version=&#8221;3.27.4&#8243;]<\/p>\n<p>A capacita\u00e7\u00e3o dos profissionais \u00e9 um compromisso da Schettini Engenharia. A nossa equipe est\u00e1 em constante desenvolvimento, compartilhando a mesma ambi\u00e7\u00e3o de superar novos desafios e satisfazer os clientes.<\/p>\n<p>[\/et_pb_text][\/et_pb_column][\/et_pb_row][et_pb_row column_structure=&#8221;1_3,1_3,1_3&#8243; _builder_version=&#8221;3.25.4&#8243;][et_pb_column type=&#8221;1_3&#8243; _builder_version=&#8221;3.25.4&#8243;][et_pb_image src=&#8221;https:\/\/schettini.eng.br\/web\/wp-content\/uploads\/2019\/12\/21reuniao-pav-urbana-rpu.jpg&#8221; _builder_version=&#8221;3.25.4&#8243; custom_padding=&#8221;||&#8221; border_radii=&#8221;on|15px|15px|15px|15px&#8221; box_shadow_style=&#8221;preset3&#8243;][\/et_pb_image][et_pb_text _builder_version=&#8221;3.27.4&#8243;]<\/p>\n<ul>\n<li>21\u00aa Reuni\u00e3o de Pavimenta\u00e7\u00e3o Urbana (RPU)<\/li>\n<\/ul>\n<p>[\/et_pb_text][\/et_pb_column][et_pb_column type=&#8221;1_3&#8243; _builder_version=&#8221;3.25.4&#8243;][et_pb_image src=&#8221;https:\/\/schettini.eng.br\/web\/wp-content\/uploads\/2019\/12\/palestra-engenharia-webinar.jpg&#8221; _builder_version=&#8221;3.25.4&#8243; custom_padding=&#8221;||&#8221; border_radii=&#8221;on|15px|15px|15px|15px&#8221; box_shadow_style=&#8221;preset3&#8243;][\/et_pb_image][et_pb_text _builder_version=&#8221;3.27.4&#8243;]<\/p>\n<ul>\n<li>Palestra de Engenharia na Plataforma Webinar<\/li>\n<\/ul>\n<p>[\/et_pb_text][\/et_pb_column][et_pb_column type=&#8221;1_3&#8243; _builder_version=&#8221;3.25.4&#8243;][et_pb_image src=&#8221;https:\/\/schettini.eng.br\/web\/wp-content\/uploads\/2019\/12\/workshop-infraestrutura.jpg&#8221; _builder_version=&#8221;3.25.4&#8243; custom_padding=&#8221;||&#8221; border_radii=&#8221;on|15px|15px|15px|15px&#8221; box_shadow_style=&#8221;preset3&#8243;][\/et_pb_image][et_pb_text _builder_version=&#8221;3.27.4&#8243;]<\/p>\n<ul>\n<li>Workshop &#8211; Curso de Infraestrutura<\/li>\n<\/ul>\n<p>[\/et_pb_text][\/et_pb_column][\/et_pb_row][\/et_pb_section][et_pb_section fb_built=&#8221;1&#8243; _builder_version=&#8221;4.2.2&#8243; custom_margin=&#8221;||&#8221; hover_enabled=&#8221;0&#8243; module_id=&#8221;sgb&#8221;][et_pb_row column_structure=&#8221;1_2,1_2&#8243; _builder_version=&#8221;3.25.4&#8243;][et_pb_column type=&#8221;1_2&#8243; _builder_version=&#8221;3.25.4&#8243;][et_pb_text _builder_version=&#8221;3.27.4&#8243; hover_enabled=&#8221;0&#8243;]<\/p>\n<blockquote>\n<h1><strong>Sistema de Gest\u00e3o de Benef\u00edcios (SGB)<\/strong><\/h1>\n<\/blockquote>\n<p>[\/et_pb_text][et_pb_text _builder_version=&#8221;3.27.4&#8243;]<\/p>\n<p>Por tr\u00e1s da hist\u00f3ria de cada servi\u00e7o prestado, est\u00e1 o capital humano desta empresa, que representa uma grande fam\u00edlia e por esse motivo a Schettini Engenharia, preocupada com a qualidade de vida e a satisfa\u00e7\u00e3o de seus colaboradores, conta com um RH focado em seguran\u00e7a, sa\u00fade, clima organizacional, rela\u00e7\u00f5es interpessoais, prazos e hor\u00e1rios.<\/p>\n<p>[\/et_pb_text][\/et_pb_column][et_pb_column type=&#8221;1_2&#8243; _builder_version=&#8221;3.25.4&#8243;][et_pb_image src=&#8221;https:\/\/schettini.eng.br\/web\/wp-content\/uploads\/2019\/12\/campeonatos-campanhas.jpg&#8221; _builder_version=&#8221;3.25.4&#8243;][\/et_pb_image][\/et_pb_column][\/et_pb_row][et_pb_row column_structure=&#8221;1_2,1_2&#8243; _builder_version=&#8221;3.25.4&#8243;][et_pb_column type=&#8221;1_2&#8243; _builder_version=&#8221;3.25.4&#8243; custom_padding=&#8221;||&#8221;][et_pb_text _builder_version=&#8221;3.27.4&#8243;]<\/p>\n<blockquote>\n<h1><strong>Cidadania Empresarial<\/strong><\/h1>\n<\/blockquote>\n<p>[\/et_pb_text][et_pb_text _builder_version=&#8221;3.27.4&#8243;]<\/p>\n<p style=\"text-align: justify;\">Com a consci\u00eancia de ter responsabilidade em contribuir para o desenvolvimento sustent\u00e1vel da sociedade, a empresa adota medidas que preservam os recursos ambientais, respeita a diversidade e promove a inclus\u00e3o social de forma qualificada com o fomento de esporte e cultura.<\/p>\n<p style=\"text-align: justify;\">Fruto da parceria com outras empresas objetivando ampliar as a\u00e7\u00f5es de educa\u00e7\u00e3o e qualidade de vida, nasceu o Projeto Batuca, composto por um grupo de deficientes visuais que, superando muitos desafios, inclusive de mobilidade, aprende e apresenta mpusica de qualidade e contagia pela alegria.<\/p>\n<p>[\/et_pb_text][\/et_pb_column][et_pb_column type=&#8221;1_2&#8243; _builder_version=&#8221;3.25.4&#8243; custom_padding=&#8221;||&#8221;][et_pb_image src=&#8221;https:\/\/schettini.eng.br\/web\/wp-content\/uploads\/2019\/12\/cidadania-empresarial-projetos.jpg&#8221; _builder_version=&#8221;3.25.4&#8243;][\/et_pb_image][\/et_pb_column][\/et_pb_row][\/et_pb_section][et_pb_section fb_built=&#8221;1&#8243; _builder_version=&#8221;3.25.4&#8243; background_color=&#8221;#5e0000&#8243; custom_margin=&#8221;-3px|||||&#8221; global_module=&#8221;517&#8243;][et_pb_row column_structure=&#8221;1_4,1_4,1_4,1_4&#8243; _builder_version=&#8221;3.25.4&#8243;][et_pb_column type=&#8221;1_4&#8243; _builder_version=&#8221;3.25.4&#8243;][et_pb_image src=&#8221;https:\/\/schettini.eng.br\/web\/wp-content\/uploads\/2019\/07\/selo-schettini-cinza.png&#8221; _builder_version=&#8221;3.25.4&#8243;][\/et_pb_image][\/et_pb_column][et_pb_column type=&#8221;1_4&#8243; _builder_version=&#8221;3.25.4&#8243;][et_pb_text _builder_version=&#8221;3.27.4&#8243; header_4_font=&#8221;||||||||&#8221; header_4_text_color=&#8221;#aaaaaa&#8221;]<\/p>\n<h4><span style=\"color: #ffffff;\"><strong>Schettini Engenharia<\/strong><\/span><\/h4>\n<p><span style=\"color: #ffffff;\"><strong>Gern\u00eancia de Projetos e Servi\u00e7os de Engenharia de infraestrutura, saneamento e tecnologia.<\/strong><\/span><\/p>\n<p>[\/et_pb_text][\/et_pb_column][et_pb_column type=&#8221;1_4&#8243; _builder_version=&#8221;3.25.4&#8243;][et_pb_text _builder_version=&#8221;3.27.4&#8243; header_4_font=&#8221;||||||||&#8221; header_4_text_color=&#8221;#aaaaaa&#8221;]<\/p>\n<h4><span style=\"color: #ffffff;\"><strong>Endere\u00e7o<\/strong><\/span><\/h4>\n<p><span style=\"color: #ffffff;\"><strong>R. Dr. Paulo Machado (Antiga Furnas), 1092,\u00a0Jd. Autonomista<br \/>CEP 79021-300<br \/>Campo Grande MS.<\/strong><\/span><\/p>\n<p>[\/et_pb_text][\/et_pb_column][et_pb_column type=&#8221;1_4&#8243; _builder_version=&#8221;3.25.4&#8243;][et_pb_text _builder_version=&#8221;3.27.4&#8243; header_4_font=&#8221;||||||||&#8221; header_4_text_color=&#8221;#aaaaaa&#8221;]<\/p>\n<h4><span style=\"color: #ffffff;\"><strong>Expediente<\/strong><\/span><\/h4>\n<p><span style=\"color: #ffffff;\"><strong>Seg-Sex<br \/> <\/strong><strong>das 8 \u00e0s 12H<br \/>e das 14 \u00e0s 18H<\/strong><\/span><\/p>\n<p>[\/et_pb_text][\/et_pb_column][\/et_pb_row][\/et_pb_section]<\/p>\n","protected":false},"excerpt":{"rendered":"<p>Sobre N\u00f3s Desde 1992, a Schettini Engenharia, empresa de origem brasileira, est\u00e1 presente no mercado de consultoria independente, desenvolvendo e viabilizando projetos de infraestrutura e mobilidade urbana. Temos o compromisso em atender aos clientes e comunidades com planejamento, sustentabilidade e responsabilidade socioambiental, criando solu\u00e7\u00f5es integradas e inovadoras. \u00c9tica, excel\u00eancia e o cumprimento dos prazos acordados [&hellip;]<\/p>\n","protected":false},"author":1,"featured_media":0,"parent":0,"menu_order":0,"comment_status":"closed","ping_status":"closed","template":"","meta":{"_et_pb_use_builder":"on","_et_pb_old_content":"","_et_gb_content_width":"","footnotes":""},"class_list":["post-99","page","type-page","status-publish","hentry"],"_links":{"self":[{"href":"https:\/\/schettini.eng.br\/web\/wp-json\/wp\/v2\/pages\/99","targetHints":{"allow":["GET"]}}],"collection":[{"href":"https:\/\/schettini.eng.br\/web\/wp-json\/wp\/v2\/pages"}],"about":[{"href":"https:\/\/schettini.eng.br\/web\/wp-json\/wp\/v2\/types\/page"}],"author":[{"embeddable":true,"href":"https:\/\/schettini.eng.br\/web\/wp-json\/wp\/v2\/users\/1"}],"replies":[{"embeddable":true,"href":"https:\/\/schettini.eng.br\/web\/wp-json\/wp\/v2\/comments?post=99"}],"version-history":[{"count":22,"href":"https:\/\/schettini.eng.br\/web\/wp-json\/wp\/v2\/pages\/99\/revisions"}],"predecessor-version":[{"id":704,"href":"https:\/\/schettini.eng.br\/web\/wp-json\/wp\/v2\/pages\/99\/revisions\/704"}],"wp:attachment":[{"href":"https:\/\/schettini.eng.br\/web\/wp-json\/wp\/v2\/media?parent=99"}],"curies":[{"name":"wp","href":"https:\/\/api.w.org\/{rel}","templated":true}]}}